{"id":476,"date":"2024-04-27T18:06:06","date_gmt":"2024-04-27T18:06:06","guid":{"rendered":"https:\/\/britva.ba\/?post_type=product&#038;p=476"},"modified":"2024-04-28T23:30:46","modified_gmt":"2024-04-28T23:30:46","slug":"noz-za-hljeb","status":"publish","type":"product","link":"https:\/\/britva.ba\/de\/product\/comfort-serie\/","title":{"rendered":"Brotmesser 'Britva' \u2013 Comfort Serie"},"content":{"rendered":"<p>Mit seinen pr\u00e4zise geformten, gezackten Klingen gew\u00e4hrleistet dieses erstklassige Messer nicht nur eine makellose Schneidleistung von frischem Brot, sondern bewahrt auch seine originale Form und Textur. Diese innovative Eigenschaft macht es zu einem unverzichtbaren Werkzeug in der K\u00fcche f\u00fcr jeden Liebhaber der hausgemachten Backkunst.<\/p>\n<p>Aber das ist noch nicht alles! Das ergonomische Design dieses Messers erm\u00f6glicht nicht nur eine m\u00fchelose Handhabung, sondern sorgt auch f\u00fcr Komfort, selbst nach langem Gebrauch. Ob Sie ein professioneller Koch oder ein begeisterter Hobbykoch sind, dieses Messer bietet herausragende Leistung bei minimalem Aufwand.<\/p>\n<p>F\u00fcgen Sie dieses hochwertige Messer Ihrer K\u00fcchenausstattung hinzu und erleben Sie den Unterschied bei jedem Schnitt. Mit seiner F\u00e4higkeit, die Integrit\u00e4t von frischem Brot zu erhalten, und einem intuitiven Design, das maximalen Komfort bietet, wird dieses Messer zu einem unsch\u00e4tzbaren Teil Ihres K\u00fcchenarsenals. Nutzen Sie seine Kraft und verbessern Sie Ihre kulinarischen F\u00e4higkeiten noch heute!<\/p>","protected":false},"excerpt":{"rendered":"<p>Sa svojim precizno oblikovanim nazubljenim o\u0161tricama, ovaj vrhunski no\u017e ne samo \u0161to garantuje besprijekorno rezanje svje\u017eeg hljeba, ve\u0107 i \u010duva njegovu originalnu formu i teksturu. Ova inovativna karakteristika \u010dini ga nezamjenjivim alatom u kuhinji za svakog ljubitelja doma\u0107e pekarske umjetnosti. Ali to nije sve! Ergonomski dizajn ovog no\u017ea ne samo da omogu\u0107uje besprekorno rukovanje, ve\u0107 [&hellip;]<\/p>","protected":false},"featured_media":463,"comment_status":"open","ping_status":"closed","template":"","meta":[],"product_cat":[24],"product_tag":[],"class_list":{"0":"post-476","1":"product","2":"type-product","3":"status-publish","4":"has-post-thumbnail","6":"product_cat-serija-comfort","8":"first","9":"instock","10":"shipping-taxable","11":"product-type-simple"},"yoast_head":"<!-- This site is optimized with the Yoast SEO Premium plugin v21.4 (Yoast SEO v22.6) - https:\/\/yoast.com\/wordpress\/plugins\/seo\/ -->\n<title>No\u017e za hljeb &quot;Britva&quot; - Serija Comfort - Britva<\/title>\n<meta name=\"robots\" content=\"index, follow, max-snippet:-1, max-image-preview:large, max-video-preview:-1\" \/>\n<link rel=\"canonical\" href=\"https:\/\/britva.ba\/de\/product\/comfort-serie\/\" \/>\n<meta property=\"og:locale\" content=\"de_DE\" \/>\n<meta property=\"og:type\" content=\"article\" \/>\n<meta property=\"og:title\" content=\"No\u017e za hljeb &quot;Britva&quot; - Serija Comfort\" \/>\n<meta property=\"og:description\" content=\"Sa svojim precizno oblikovanim nazubljenim o\u0161tricama, ovaj vrhunski no\u017e ne samo \u0161to garantuje besprijekorno rezanje svje\u017eeg hljeba, ve\u0107 i \u010duva njegovu originalnu formu i teksturu. Ova inovativna karakteristika \u010dini ga nezamjenjivim alatom u kuhinji za svakog ljubitelja doma\u0107e pekarske umjetnosti. Ali to nije sve! Ergonomski dizajn ovog no\u017ea ne samo da omogu\u0107uje besprekorno rukovanje, ve\u0107 [&hellip;]\" \/>\n<meta property=\"og:url\" content=\"https:\/\/britva.ba\/de\/product\/comfort-serie\/\" \/>\n<meta property=\"og:site_name\" content=\"Britva\" \/>\n<meta property=\"article:modified_time\" content=\"2024-04-28T23:30:46+00:00\" \/>\n<meta property=\"og:image\" content=\"https:\/\/britva.ba\/wp-content\/uploads\/2024\/04\/Britva17-scaled.jpg\" \/>\n\t<meta property=\"og:image:width\" content=\"1707\" \/>\n\t<meta property=\"og:image:height\" content=\"2560\" \/>\n\t<meta property=\"og:image:type\" content=\"image\/jpeg\" \/>\n<meta name=\"twitter:card\" content=\"summary_large_image\" \/>\n<meta name=\"twitter:label1\" content=\"Gesch\u00e4tzte Lesezeit\" \/>\n\t<meta name=\"twitter:data1\" content=\"1\u00a0Minute\" \/>\n<script type=\"application\/ld+json\" class=\"yoast-schema-graph\">{\"@context\":\"https:\/\/schema.org\",\"@graph\":[{\"@type\":\"WebPage\",\"@id\":\"https:\/\/britva.ba\/product\/noz-za-hljeb\/\",\"url\":\"https:\/\/britva.ba\/product\/noz-za-hljeb\/\",\"name\":\"No\u017e za hljeb \\\"Britva\\\" - Serija Comfort - Britva\",\"isPartOf\":{\"@id\":\"https:\/\/britva.ba\/#website\"},\"primaryImageOfPage\":{\"@id\":\"https:\/\/britva.ba\/product\/noz-za-hljeb\/#primaryimage\"},\"image\":{\"@id\":\"https:\/\/britva.ba\/product\/noz-za-hljeb\/#primaryimage\"},\"thumbnailUrl\":\"https:\/\/britva.ba\/wp-content\/uploads\/2024\/04\/Britva17-scaled.jpg\",\"datePublished\":\"2024-04-27T18:06:06+00:00\",\"dateModified\":\"2024-04-28T23:30:46+00:00\",\"breadcrumb\":{\"@id\":\"https:\/\/britva.ba\/product\/noz-za-hljeb\/#breadcrumb\"},\"inLanguage\":\"de\",\"potentialAction\":[{\"@type\":\"ReadAction\",\"target\":[\"https:\/\/britva.ba\/product\/noz-za-hljeb\/\"]}]},{\"@type\":\"ImageObject\",\"inLanguage\":\"de\",\"@id\":\"https:\/\/britva.ba\/product\/noz-za-hljeb\/#primaryimage\",\"url\":\"https:\/\/britva.ba\/wp-content\/uploads\/2024\/04\/Britva17-scaled.jpg\",\"contentUrl\":\"https:\/\/britva.ba\/wp-content\/uploads\/2024\/04\/Britva17-scaled.jpg\",\"width\":1707,\"height\":2560},{\"@type\":\"BreadcrumbList\",\"@id\":\"https:\/\/britva.ba\/product\/noz-za-hljeb\/#breadcrumb\",\"itemListElement\":[{\"@type\":\"ListItem\",\"position\":1,\"name\":\"Home\",\"item\":\"https:\/\/britva.ba\/\"},{\"@type\":\"ListItem\",\"position\":2,\"name\":\"Produkte\",\"item\":\"https:\/\/britva.ba\/de\/shop\/\"},{\"@type\":\"ListItem\",\"position\":3,\"name\":\"No\u017e za hljeb &#8220;Britva&#8221; &#8211; Serija Comfort\"}]},{\"@type\":\"WebSite\",\"@id\":\"https:\/\/britva.ba\/#website\",\"url\":\"https:\/\/britva.ba\/\",\"name\":\"Britva\",\"description\":\"Kuhinjski no\u017eevi\",\"potentialAction\":[{\"@type\":\"SearchAction\",\"target\":{\"@type\":\"EntryPoint\",\"urlTemplate\":\"https:\/\/britva.ba\/?s={search_term_string}\"},\"query-input\":\"required name=search_term_string\"}],\"inLanguage\":\"de\"}]}<\/script>\n<!-- \/ Yoast SEO Premium plugin. -->","yoast_head_json":{"title":"No\u017e za hljeb \"Britva\" - Serija Comfort - Britva","robots":{"index":"index","follow":"follow","max-snippet":"max-snippet:-1","max-image-preview":"max-image-preview:large","max-video-preview":"max-video-preview:-1"},"canonical":"https:\/\/britva.ba\/de\/product\/comfort-serie\/","og_locale":"de_DE","og_type":"article","og_title":"No\u017e za hljeb \"Britva\" - Serija Comfort","og_description":"Sa svojim precizno oblikovanim nazubljenim o\u0161tricama, ovaj vrhunski no\u017e ne samo \u0161to garantuje besprijekorno rezanje svje\u017eeg hljeba, ve\u0107 i \u010duva njegovu originalnu formu i teksturu. Ova inovativna karakteristika \u010dini ga nezamjenjivim alatom u kuhinji za svakog ljubitelja doma\u0107e pekarske umjetnosti. Ali to nije sve! Ergonomski dizajn ovog no\u017ea ne samo da omogu\u0107uje besprekorno rukovanje, ve\u0107 [&hellip;]","og_url":"https:\/\/britva.ba\/de\/product\/comfort-serie\/","og_site_name":"Britva","article_modified_time":"2024-04-28T23:30:46+00:00","og_image":[{"width":1707,"height":2560,"url":"https:\/\/britva.ba\/wp-content\/uploads\/2024\/04\/Britva17-scaled.jpg","type":"image\/jpeg"}],"twitter_card":"summary_large_image","twitter_misc":{"Gesch\u00e4tzte Lesezeit":"1\u00a0Minute"},"schema":{"@context":"https:\/\/schema.org","@graph":[{"@type":"WebPage","@id":"https:\/\/britva.ba\/product\/noz-za-hljeb\/","url":"https:\/\/britva.ba\/product\/noz-za-hljeb\/","name":"No\u017e za hljeb \"Britva\" - Serija Comfort - Britva","isPartOf":{"@id":"https:\/\/britva.ba\/#website"},"primaryImageOfPage":{"@id":"https:\/\/britva.ba\/product\/noz-za-hljeb\/#primaryimage"},"image":{"@id":"https:\/\/britva.ba\/product\/noz-za-hljeb\/#primaryimage"},"thumbnailUrl":"https:\/\/britva.ba\/wp-content\/uploads\/2024\/04\/Britva17-scaled.jpg","datePublished":"2024-04-27T18:06:06+00:00","dateModified":"2024-04-28T23:30:46+00:00","breadcrumb":{"@id":"https:\/\/britva.ba\/product\/noz-za-hljeb\/#breadcrumb"},"inLanguage":"de","potentialAction":[{"@type":"ReadAction","target":["https:\/\/britva.ba\/product\/noz-za-hljeb\/"]}]},{"@type":"ImageObject","inLanguage":"de","@id":"https:\/\/britva.ba\/product\/noz-za-hljeb\/#primaryimage","url":"https:\/\/britva.ba\/wp-content\/uploads\/2024\/04\/Britva17-scaled.jpg","contentUrl":"https:\/\/britva.ba\/wp-content\/uploads\/2024\/04\/Britva17-scaled.jpg","width":1707,"height":2560},{"@type":"BreadcrumbList","@id":"https:\/\/britva.ba\/product\/noz-za-hljeb\/#breadcrumb","itemListElement":[{"@type":"ListItem","position":1,"name":"Home","item":"https:\/\/britva.ba\/"},{"@type":"ListItem","position":2,"name":"Produkte","item":"https:\/\/britva.ba\/de\/shop\/"},{"@type":"ListItem","position":3,"name":"No\u017e za hljeb &#8220;Britva&#8221; &#8211; Serija Comfort"}]},{"@type":"WebSite","@id":"https:\/\/britva.ba\/#website","url":"https:\/\/britva.ba\/","name":"Britva","description":"Kuhinjski no\u017eevi","potentialAction":[{"@type":"SearchAction","target":{"@type":"EntryPoint","urlTemplate":"https:\/\/britva.ba\/?s={search_term_string}"},"query-input":"required name=search_term_string"}],"inLanguage":"de"}]}},"_links":{"self":[{"href":"https:\/\/britva.ba\/de\/wp-json\/wp\/v2\/product\/476","targetHints":{"allow":["GET"]}}],"collection":[{"href":"https:\/\/britva.ba\/de\/wp-json\/wp\/v2\/product"}],"about":[{"href":"https:\/\/britva.ba\/de\/wp-json\/wp\/v2\/types\/product"}],"replies":[{"embeddable":true,"href":"https:\/\/britva.ba\/de\/wp-json\/wp\/v2\/comments?post=476"}],"wp:featuredmedia":[{"embeddable":true,"href":"https:\/\/britva.ba\/de\/wp-json\/wp\/v2\/media\/463"}],"wp:attachment":[{"href":"https:\/\/britva.ba\/de\/wp-json\/wp\/v2\/media?parent=476"}],"wp:term":[{"taxonomy":"product_cat","embeddable":true,"href":"https:\/\/britva.ba\/de\/wp-json\/wp\/v2\/product_cat?post=476"},{"taxonomy":"product_tag","embeddable":true,"href":"https:\/\/britva.ba\/de\/wp-json\/wp\/v2\/product_tag?post=476"}],"curies":[{"name":"wp","href":"https:\/\/api.w.org\/{rel}","templated":true}]}}