{"id":848,"date":"2024-05-13T09:39:01","date_gmt":"2024-05-13T09:39:01","guid":{"rendered":"https:\/\/britva.ba\/?post_type=product&#038;p=848"},"modified":"2024-05-13T09:39:02","modified_gmt":"2024-05-13T09:39:02","slug":"serija-gourmet","status":"publish","type":"product","link":"https:\/\/britva.ba\/de\/product\/serija-gourmet\/","title":{"rendered":"Gourmet Serie"},"content":{"rendered":"<p>Der Britva K\u00e4semesser ist nicht nur wie ein Herrscher unter den Messern, sondern auch ein wahrhaftiges Symbol f\u00fcr Exzellenz in der Welt der K\u00fcchenwerkzeuge. Mit seiner beidseitigen Sch\u00e4rfe und au\u00dfergew\u00f6hnlich geschickten Gestaltung bietet dieses Messer eine un\u00fcbertroffene Pr\u00e4zision und Eleganz beim Schneiden jeder K\u00e4sesorte und macht es zu einem unverzichtbaren Werkzeug f\u00fcr das Schneiden feinster Delikatessen.<\/p>\n<p>Seine doppelte Schneide setzt nicht nur Ma\u00dfst\u00e4be f\u00fcr Pr\u00e4zision, sondern verleiht auch jeder Gourmet-Abenteuer eine Prise Luxus. Jede Bewegung dieses Messers bietet wahres Vergn\u00fcgen, und jede Scheibe K\u00e4se wird zu einem bewundernswerten Kunstwerk.<\/p>\n<p>Erleben Sie wahre Freude bei jedem Gourmet-Erlebnis mit dem Britva K\u00e4semesser. Lassen Sie jede K\u00e4sescheibe mit Liebe und Sorgfalt mit Hilfe dieses erstklassigen Werkzeugs schneiden, dessen Eleganz und Funktionalit\u00e4t alle Erwartungen \u00fcbertrifft.<\/p>\n<p>Die bequeme Handhabung und makellose Pr\u00e4zision machen das Britva K\u00e4semesser zu einem unverzichtbaren Zubeh\u00f6r in Ihrer K\u00fcche. F\u00fcgen Sie dieses erstklassige Messer Ihrer Sammlung hinzu und entdecken Sie eine neue Dimension des Genusses bei jedem Bissen Ihrer Lieblingsk\u00e4sesorten.<\/p>","protected":false},"excerpt":{"rendered":"<p>Britva no\u017e za sir ne samo da je poput vladara me\u0111u no\u017eevima, ve\u0107 je istinski simbol izvrsnosti u svijetu kulinarskih alata. Obostrano o\u0161tar i izuzetno spretno dizajniran, ovaj no\u017e nudi nezamislivu preciznost i eleganciju prilikom rezanja svakog komada sira, \u010dine\u0107i ga neophodnim alatom za rezanje najfinijih delikatesa. Njegova dvostruka o\u0161trica ne samo da postavlja standarde [&hellip;]<\/p>","protected":false},"featured_media":853,"comment_status":"closed","ping_status":"closed","template":"","meta":[],"product_cat":[32],"product_tag":[],"class_list":{"0":"post-848","1":"product","2":"type-product","3":"status-publish","4":"has-post-thumbnail","6":"product_cat-serija-gourmet","8":"first","9":"instock","10":"shipping-taxable","11":"product-type-simple"},"yoast_head":"<!-- This site is optimized with the Yoast SEO Premium plugin v21.4 (Yoast SEO v22.6) - https:\/\/yoast.com\/wordpress\/plugins\/seo\/ -->\n<title>Serija Gourmet - Britva<\/title>\n<meta name=\"robots\" content=\"index, follow, max-snippet:-1, max-image-preview:large, max-video-preview:-1\" \/>\n<link rel=\"canonical\" href=\"https:\/\/britva.ba\/de\/product\/serija-gourmet\/\" \/>\n<meta property=\"og:locale\" content=\"de_DE\" \/>\n<meta property=\"og:type\" content=\"article\" \/>\n<meta property=\"og:title\" content=\"Serija Gourmet\" \/>\n<meta property=\"og:description\" content=\"Britva no\u017e za sir ne samo da je poput vladara me\u0111u no\u017eevima, ve\u0107 je istinski simbol izvrsnosti u svijetu kulinarskih alata. Obostrano o\u0161tar i izuzetno spretno dizajniran, ovaj no\u017e nudi nezamislivu preciznost i eleganciju prilikom rezanja svakog komada sira, \u010dine\u0107i ga neophodnim alatom za rezanje najfinijih delikatesa. Njegova dvostruka o\u0161trica ne samo da postavlja standarde [&hellip;]\" \/>\n<meta property=\"og:url\" content=\"https:\/\/britva.ba\/de\/product\/serija-gourmet\/\" \/>\n<meta property=\"og:site_name\" content=\"Britva\" \/>\n<meta property=\"article:modified_time\" content=\"2024-05-13T09:39:02+00:00\" \/>\n<meta property=\"og:image\" content=\"https:\/\/britva.ba\/wp-content\/uploads\/2024\/05\/sir3-scaled.jpg\" \/>\n\t<meta property=\"og:image:width\" content=\"1707\" \/>\n\t<meta property=\"og:image:height\" content=\"2560\" \/>\n\t<meta property=\"og:image:type\" content=\"image\/jpeg\" \/>\n<meta name=\"twitter:card\" content=\"summary_large_image\" \/>\n<meta name=\"twitter:label1\" content=\"Gesch\u00e4tzte Lesezeit\" \/>\n\t<meta name=\"twitter:data1\" content=\"1\u00a0Minute\" \/>\n<script type=\"application\/ld+json\" class=\"yoast-schema-graph\">{\"@context\":\"https:\/\/schema.org\",\"@graph\":[{\"@type\":\"WebPage\",\"@id\":\"https:\/\/britva.ba\/product\/serija-gourmet\/\",\"url\":\"https:\/\/britva.ba\/product\/serija-gourmet\/\",\"name\":\"Serija Gourmet - Britva\",\"isPartOf\":{\"@id\":\"https:\/\/britva.ba\/#website\"},\"primaryImageOfPage\":{\"@id\":\"https:\/\/britva.ba\/product\/serija-gourmet\/#primaryimage\"},\"image\":{\"@id\":\"https:\/\/britva.ba\/product\/serija-gourmet\/#primaryimage\"},\"thumbnailUrl\":\"https:\/\/britva.ba\/wp-content\/uploads\/2024\/05\/sir3-scaled.jpg\",\"datePublished\":\"2024-05-13T09:39:01+00:00\",\"dateModified\":\"2024-05-13T09:39:02+00:00\",\"breadcrumb\":{\"@id\":\"https:\/\/britva.ba\/product\/serija-gourmet\/#breadcrumb\"},\"inLanguage\":\"de\",\"potentialAction\":[{\"@type\":\"ReadAction\",\"target\":[\"https:\/\/britva.ba\/product\/serija-gourmet\/\"]}]},{\"@type\":\"ImageObject\",\"inLanguage\":\"de\",\"@id\":\"https:\/\/britva.ba\/product\/serija-gourmet\/#primaryimage\",\"url\":\"https:\/\/britva.ba\/wp-content\/uploads\/2024\/05\/sir3-scaled.jpg\",\"contentUrl\":\"https:\/\/britva.ba\/wp-content\/uploads\/2024\/05\/sir3-scaled.jpg\",\"width\":1707,\"height\":2560},{\"@type\":\"BreadcrumbList\",\"@id\":\"https:\/\/britva.ba\/product\/serija-gourmet\/#breadcrumb\",\"itemListElement\":[{\"@type\":\"ListItem\",\"position\":1,\"name\":\"Home\",\"item\":\"https:\/\/britva.ba\/\"},{\"@type\":\"ListItem\",\"position\":2,\"name\":\"Produkte\",\"item\":\"https:\/\/britva.ba\/de\/shop\/\"},{\"@type\":\"ListItem\",\"position\":3,\"name\":\"Serija Gourmet\"}]},{\"@type\":\"WebSite\",\"@id\":\"https:\/\/britva.ba\/#website\",\"url\":\"https:\/\/britva.ba\/\",\"name\":\"Britva\",\"description\":\"Kuhinjski no\u017eevi\",\"potentialAction\":[{\"@type\":\"SearchAction\",\"target\":{\"@type\":\"EntryPoint\",\"urlTemplate\":\"https:\/\/britva.ba\/?s={search_term_string}\"},\"query-input\":\"required name=search_term_string\"}],\"inLanguage\":\"de\"}]}<\/script>\n<!-- \/ Yoast SEO Premium plugin. -->","yoast_head_json":{"title":"Serija Gourmet - Britva","robots":{"index":"index","follow":"follow","max-snippet":"max-snippet:-1","max-image-preview":"max-image-preview:large","max-video-preview":"max-video-preview:-1"},"canonical":"https:\/\/britva.ba\/de\/product\/serija-gourmet\/","og_locale":"de_DE","og_type":"article","og_title":"Serija Gourmet","og_description":"Britva no\u017e za sir ne samo da je poput vladara me\u0111u no\u017eevima, ve\u0107 je istinski simbol izvrsnosti u svijetu kulinarskih alata. Obostrano o\u0161tar i izuzetno spretno dizajniran, ovaj no\u017e nudi nezamislivu preciznost i eleganciju prilikom rezanja svakog komada sira, \u010dine\u0107i ga neophodnim alatom za rezanje najfinijih delikatesa. Njegova dvostruka o\u0161trica ne samo da postavlja standarde [&hellip;]","og_url":"https:\/\/britva.ba\/de\/product\/serija-gourmet\/","og_site_name":"Britva","article_modified_time":"2024-05-13T09:39:02+00:00","og_image":[{"width":1707,"height":2560,"url":"https:\/\/britva.ba\/wp-content\/uploads\/2024\/05\/sir3-scaled.jpg","type":"image\/jpeg"}],"twitter_card":"summary_large_image","twitter_misc":{"Gesch\u00e4tzte Lesezeit":"1\u00a0Minute"},"schema":{"@context":"https:\/\/schema.org","@graph":[{"@type":"WebPage","@id":"https:\/\/britva.ba\/product\/serija-gourmet\/","url":"https:\/\/britva.ba\/product\/serija-gourmet\/","name":"Serija Gourmet - Britva","isPartOf":{"@id":"https:\/\/britva.ba\/#website"},"primaryImageOfPage":{"@id":"https:\/\/britva.ba\/product\/serija-gourmet\/#primaryimage"},"image":{"@id":"https:\/\/britva.ba\/product\/serija-gourmet\/#primaryimage"},"thumbnailUrl":"https:\/\/britva.ba\/wp-content\/uploads\/2024\/05\/sir3-scaled.jpg","datePublished":"2024-05-13T09:39:01+00:00","dateModified":"2024-05-13T09:39:02+00:00","breadcrumb":{"@id":"https:\/\/britva.ba\/product\/serija-gourmet\/#breadcrumb"},"inLanguage":"de","potentialAction":[{"@type":"ReadAction","target":["https:\/\/britva.ba\/product\/serija-gourmet\/"]}]},{"@type":"ImageObject","inLanguage":"de","@id":"https:\/\/britva.ba\/product\/serija-gourmet\/#primaryimage","url":"https:\/\/britva.ba\/wp-content\/uploads\/2024\/05\/sir3-scaled.jpg","contentUrl":"https:\/\/britva.ba\/wp-content\/uploads\/2024\/05\/sir3-scaled.jpg","width":1707,"height":2560},{"@type":"BreadcrumbList","@id":"https:\/\/britva.ba\/product\/serija-gourmet\/#breadcrumb","itemListElement":[{"@type":"ListItem","position":1,"name":"Home","item":"https:\/\/britva.ba\/"},{"@type":"ListItem","position":2,"name":"Produkte","item":"https:\/\/britva.ba\/de\/shop\/"},{"@type":"ListItem","position":3,"name":"Serija Gourmet"}]},{"@type":"WebSite","@id":"https:\/\/britva.ba\/#website","url":"https:\/\/britva.ba\/","name":"Britva","description":"Kuhinjski no\u017eevi","potentialAction":[{"@type":"SearchAction","target":{"@type":"EntryPoint","urlTemplate":"https:\/\/britva.ba\/?s={search_term_string}"},"query-input":"required name=search_term_string"}],"inLanguage":"de"}]}},"_links":{"self":[{"href":"https:\/\/britva.ba\/de\/wp-json\/wp\/v2\/product\/848","targetHints":{"allow":["GET"]}}],"collection":[{"href":"https:\/\/britva.ba\/de\/wp-json\/wp\/v2\/product"}],"about":[{"href":"https:\/\/britva.ba\/de\/wp-json\/wp\/v2\/types\/product"}],"replies":[{"embeddable":true,"href":"https:\/\/britva.ba\/de\/wp-json\/wp\/v2\/comments?post=848"}],"wp:featuredmedia":[{"embeddable":true,"href":"https:\/\/britva.ba\/de\/wp-json\/wp\/v2\/media\/853"}],"wp:attachment":[{"href":"https:\/\/britva.ba\/de\/wp-json\/wp\/v2\/media?parent=848"}],"wp:term":[{"taxonomy":"product_cat","embeddable":true,"href":"https:\/\/britva.ba\/de\/wp-json\/wp\/v2\/product_cat?post=848"},{"taxonomy":"product_tag","embeddable":true,"href":"https:\/\/britva.ba\/de\/wp-json\/wp\/v2\/product_tag?post=848"}],"curies":[{"name":"wp","href":"https:\/\/api.w.org\/{rel}","templated":true}]}}