{"id":478,"date":"2024-04-27T18:09:48","date_gmt":"2024-04-27T18:09:48","guid":{"rendered":"https:\/\/britva.ba\/?post_type=product&#038;p=478"},"modified":"2024-04-28T22:28:00","modified_gmt":"2024-04-28T22:28:00","slug":"svenamjenski-noz","status":"publish","type":"product","link":"https:\/\/britva.ba\/en\/product\/svenamjenski-noz\/","title":{"rendered":"Utility Knife 'Britva' \u2013 Essential Series"},"content":{"rendered":"<p>A knife that not only meets all your kitchen needs but also proves to be an invaluable tool in other activities. Besides being excellent assistants in food preparation, these versatile knives are essential for repairs, craft projects, and performing various tasks with incredible ease.<\/p>\n<p>Their multifunctionality makes them an indispensable addition to your kitchen and workshop. Whether you need precise vegetable cutting or quickly completing craft tasks, these knives will prove to be reliable partners that simplify your everyday tasks.<\/p>\n<p>Therefore, add these practical tools to your collection and take advantage of their wide applicability in various situations. Let these versatile knives be invaluable allies in the kitchen and beyond, enabling you to perform tasks with efficiency and precision. Harness their universal utility and enjoy the convenience they bring to your everyday life!<\/p>","protected":false},"excerpt":{"rendered":"<p>No\u017e koji ne samo da zadovoljava sve va\u0161e potrebe u kuhinji, ve\u0107 se pokazuje kao neprocjenjiv alat i u drugim aktivnostima. Osim \u0161to su izvanredni pomo\u0107nici u pripremi hrane, ovi svestrani no\u017eevi su neophodni za popravke, zanatske projekte i obavljanje razli\u010ditih zadataka s nevjerojatnom lako\u0107om. Njihova multifunkcionalnost \u010dini ih nezamjenjivim dodatkom va\u0161oj kuhinji i radionici. [&hellip;]<\/p>","protected":false},"featured_media":483,"comment_status":"open","ping_status":"closed","template":"","meta":[],"product_cat":[25],"product_tag":[],"class_list":{"0":"post-478","1":"product","2":"type-product","3":"status-publish","4":"has-post-thumbnail","6":"product_cat-serija-essential","8":"first","9":"instock","10":"shipping-taxable","11":"product-type-simple"},"yoast_head":"<!-- This site is optimized with the Yoast SEO Premium plugin v21.4 (Yoast SEO v22.6) - https:\/\/yoast.com\/wordpress\/plugins\/seo\/ -->\n<title>Svenamjenski no\u017e &quot;Britva&quot; - Serija Essential - Britva<\/title>\n<meta name=\"robots\" content=\"index, follow, max-snippet:-1, max-image-preview:large, max-video-preview:-1\" \/>\n<link rel=\"canonical\" href=\"https:\/\/britva.ba\/en\/product\/svenamjenski-noz\/\" \/>\n<meta property=\"og:locale\" content=\"en_US\" \/>\n<meta property=\"og:type\" content=\"article\" \/>\n<meta property=\"og:title\" content=\"Svenamjenski no\u017e &quot;Britva&quot; - Serija Essential\" \/>\n<meta property=\"og:description\" content=\"No\u017e koji ne samo da zadovoljava sve va\u0161e potrebe u kuhinji, ve\u0107 se pokazuje kao neprocjenjiv alat i u drugim aktivnostima. Osim \u0161to su izvanredni pomo\u0107nici u pripremi hrane, ovi svestrani no\u017eevi su neophodni za popravke, zanatske projekte i obavljanje razli\u010ditih zadataka s nevjerojatnom lako\u0107om. Njihova multifunkcionalnost \u010dini ih nezamjenjivim dodatkom va\u0161oj kuhinji i radionici. [&hellip;]\" \/>\n<meta property=\"og:url\" content=\"https:\/\/britva.ba\/en\/product\/svenamjenski-noz\/\" \/>\n<meta property=\"og:site_name\" content=\"Britva\" \/>\n<meta property=\"article:modified_time\" content=\"2024-04-28T22:28:00+00:00\" \/>\n<meta property=\"og:image\" content=\"https:\/\/britva.ba\/wp-content\/uploads\/2024\/04\/svenamjenski2-scaled.jpg\" \/>\n\t<meta property=\"og:image:width\" content=\"1707\" \/>\n\t<meta property=\"og:image:height\" content=\"2560\" \/>\n\t<meta property=\"og:image:type\" content=\"image\/jpeg\" \/>\n<meta name=\"twitter:card\" content=\"summary_large_image\" \/>\n<meta name=\"twitter:label1\" content=\"Est. reading time\" \/>\n\t<meta name=\"twitter:data1\" content=\"1 minute\" \/>\n<script type=\"application\/ld+json\" class=\"yoast-schema-graph\">{\"@context\":\"https:\/\/schema.org\",\"@graph\":[{\"@type\":\"WebPage\",\"@id\":\"https:\/\/britva.ba\/product\/svenamjenski-noz\/\",\"url\":\"https:\/\/britva.ba\/product\/svenamjenski-noz\/\",\"name\":\"Svenamjenski no\u017e \\\"Britva\\\" - Serija Essential - Britva\",\"isPartOf\":{\"@id\":\"https:\/\/britva.ba\/#website\"},\"primaryImageOfPage\":{\"@id\":\"https:\/\/britva.ba\/product\/svenamjenski-noz\/#primaryimage\"},\"image\":{\"@id\":\"https:\/\/britva.ba\/product\/svenamjenski-noz\/#primaryimage\"},\"thumbnailUrl\":\"https:\/\/britva.ba\/wp-content\/uploads\/2024\/04\/svenamjenski2-scaled.jpg\",\"datePublished\":\"2024-04-27T18:09:48+00:00\",\"dateModified\":\"2024-04-28T22:28:00+00:00\",\"breadcrumb\":{\"@id\":\"https:\/\/britva.ba\/product\/svenamjenski-noz\/#breadcrumb\"},\"inLanguage\":\"en-US\",\"potentialAction\":[{\"@type\":\"ReadAction\",\"target\":[\"https:\/\/britva.ba\/product\/svenamjenski-noz\/\"]}]},{\"@type\":\"ImageObject\",\"inLanguage\":\"en-US\",\"@id\":\"https:\/\/britva.ba\/product\/svenamjenski-noz\/#primaryimage\",\"url\":\"https:\/\/britva.ba\/wp-content\/uploads\/2024\/04\/svenamjenski2-scaled.jpg\",\"contentUrl\":\"https:\/\/britva.ba\/wp-content\/uploads\/2024\/04\/svenamjenski2-scaled.jpg\",\"width\":1707,\"height\":2560},{\"@type\":\"BreadcrumbList\",\"@id\":\"https:\/\/britva.ba\/product\/svenamjenski-noz\/#breadcrumb\",\"itemListElement\":[{\"@type\":\"ListItem\",\"position\":1,\"name\":\"Home\",\"item\":\"https:\/\/britva.ba\/\"},{\"@type\":\"ListItem\",\"position\":2,\"name\":\"Produkte\",\"item\":\"https:\/\/britva.ba\/de\/shop\/\"},{\"@type\":\"ListItem\",\"position\":3,\"name\":\"Svenamjenski no\u017e &#8220;Britva&#8221; &#8211; Serija Essential\"}]},{\"@type\":\"WebSite\",\"@id\":\"https:\/\/britva.ba\/#website\",\"url\":\"https:\/\/britva.ba\/\",\"name\":\"Britva\",\"description\":\"Kuhinjski no\u017eevi\",\"potentialAction\":[{\"@type\":\"SearchAction\",\"target\":{\"@type\":\"EntryPoint\",\"urlTemplate\":\"https:\/\/britva.ba\/?s={search_term_string}\"},\"query-input\":\"required name=search_term_string\"}],\"inLanguage\":\"en-US\"}]}<\/script>\n<!-- \/ Yoast SEO Premium plugin. -->","yoast_head_json":{"title":"Svenamjenski no\u017e \"Britva\" - Serija Essential - Britva","robots":{"index":"index","follow":"follow","max-snippet":"max-snippet:-1","max-image-preview":"max-image-preview:large","max-video-preview":"max-video-preview:-1"},"canonical":"https:\/\/britva.ba\/en\/product\/svenamjenski-noz\/","og_locale":"en_US","og_type":"article","og_title":"Svenamjenski no\u017e \"Britva\" - Serija Essential","og_description":"No\u017e koji ne samo da zadovoljava sve va\u0161e potrebe u kuhinji, ve\u0107 se pokazuje kao neprocjenjiv alat i u drugim aktivnostima. Osim \u0161to su izvanredni pomo\u0107nici u pripremi hrane, ovi svestrani no\u017eevi su neophodni za popravke, zanatske projekte i obavljanje razli\u010ditih zadataka s nevjerojatnom lako\u0107om. Njihova multifunkcionalnost \u010dini ih nezamjenjivim dodatkom va\u0161oj kuhinji i radionici. [&hellip;]","og_url":"https:\/\/britva.ba\/en\/product\/svenamjenski-noz\/","og_site_name":"Britva","article_modified_time":"2024-04-28T22:28:00+00:00","og_image":[{"width":1707,"height":2560,"url":"https:\/\/britva.ba\/wp-content\/uploads\/2024\/04\/svenamjenski2-scaled.jpg","type":"image\/jpeg"}],"twitter_card":"summary_large_image","twitter_misc":{"Est. reading time":"1 minute"},"schema":{"@context":"https:\/\/schema.org","@graph":[{"@type":"WebPage","@id":"https:\/\/britva.ba\/product\/svenamjenski-noz\/","url":"https:\/\/britva.ba\/product\/svenamjenski-noz\/","name":"Svenamjenski no\u017e \"Britva\" - Serija Essential - Britva","isPartOf":{"@id":"https:\/\/britva.ba\/#website"},"primaryImageOfPage":{"@id":"https:\/\/britva.ba\/product\/svenamjenski-noz\/#primaryimage"},"image":{"@id":"https:\/\/britva.ba\/product\/svenamjenski-noz\/#primaryimage"},"thumbnailUrl":"https:\/\/britva.ba\/wp-content\/uploads\/2024\/04\/svenamjenski2-scaled.jpg","datePublished":"2024-04-27T18:09:48+00:00","dateModified":"2024-04-28T22:28:00+00:00","breadcrumb":{"@id":"https:\/\/britva.ba\/product\/svenamjenski-noz\/#breadcrumb"},"inLanguage":"en-US","potentialAction":[{"@type":"ReadAction","target":["https:\/\/britva.ba\/product\/svenamjenski-noz\/"]}]},{"@type":"ImageObject","inLanguage":"en-US","@id":"https:\/\/britva.ba\/product\/svenamjenski-noz\/#primaryimage","url":"https:\/\/britva.ba\/wp-content\/uploads\/2024\/04\/svenamjenski2-scaled.jpg","contentUrl":"https:\/\/britva.ba\/wp-content\/uploads\/2024\/04\/svenamjenski2-scaled.jpg","width":1707,"height":2560},{"@type":"BreadcrumbList","@id":"https:\/\/britva.ba\/product\/svenamjenski-noz\/#breadcrumb","itemListElement":[{"@type":"ListItem","position":1,"name":"Home","item":"https:\/\/britva.ba\/"},{"@type":"ListItem","position":2,"name":"Produkte","item":"https:\/\/britva.ba\/de\/shop\/"},{"@type":"ListItem","position":3,"name":"Svenamjenski no\u017e &#8220;Britva&#8221; &#8211; Serija Essential"}]},{"@type":"WebSite","@id":"https:\/\/britva.ba\/#website","url":"https:\/\/britva.ba\/","name":"Britva","description":"Kuhinjski no\u017eevi","potentialAction":[{"@type":"SearchAction","target":{"@type":"EntryPoint","urlTemplate":"https:\/\/britva.ba\/?s={search_term_string}"},"query-input":"required name=search_term_string"}],"inLanguage":"en-US"}]}},"_links":{"self":[{"href":"https:\/\/britva.ba\/en\/wp-json\/wp\/v2\/product\/478","targetHints":{"allow":["GET"]}}],"collection":[{"href":"https:\/\/britva.ba\/en\/wp-json\/wp\/v2\/product"}],"about":[{"href":"https:\/\/britva.ba\/en\/wp-json\/wp\/v2\/types\/product"}],"replies":[{"embeddable":true,"href":"https:\/\/britva.ba\/en\/wp-json\/wp\/v2\/comments?post=478"}],"wp:featuredmedia":[{"embeddable":true,"href":"https:\/\/britva.ba\/en\/wp-json\/wp\/v2\/media\/483"}],"wp:attachment":[{"href":"https:\/\/britva.ba\/en\/wp-json\/wp\/v2\/media?parent=478"}],"wp:term":[{"taxonomy":"product_cat","embeddable":true,"href":"https:\/\/britva.ba\/en\/wp-json\/wp\/v2\/product_cat?post=478"},{"taxonomy":"product_tag","embeddable":true,"href":"https:\/\/britva.ba\/en\/wp-json\/wp\/v2\/product_tag?post=478"}],"curies":[{"name":"wp","href":"https:\/\/api.w.org\/{rel}","templated":true}]}}